{"id":75,"date":"2019-11-16T13:33:57","date_gmt":"2019-11-16T12:33:57","guid":{"rendered":"https:\/\/schmelzmanufaktur.de\/?page_id=75"},"modified":"2019-11-16T13:43:10","modified_gmt":"2019-11-16T12:43:10","slug":"impressum","status":"publish","type":"page","link":"https:\/\/schmelzmanufaktur.de\/index.php\/impressum\/","title":{"rendered":"Impressum"},"content":{"rendered":"\n<p>\nAngaben\ngem\u00e4\u00df \u00a7 5 TMG<\/p>\n\n\n\n<p>\nMartin\nNaewe<br>\nHerrnbergstr. 58<br>\n91077 Neunkirchen am Brand<\/p>\n\n\n\n<p>\n<strong>Kontakt:<\/strong><br>\nTelefon:\n+49\n1522-9229342<br>\nE-Mail:&nbsp;<a href=\"mailto:info@schmelzmanufaktur.de\">info@schmelzmanufaktur.de<\/a><\/p>\n\n\n\n<p>\n<strong>Haftungsausschluss:<\/strong><br>\n<br>\n<strong>Haftung\nf\u00fcr Inhalte<\/strong><br>\n<br>\nDie\nInhalte unserer Seiten wurden mit gr\u00f6\u00dfter Sorgfalt erstellt. F\u00fcr\ndie Richtigkeit, Vollst\u00e4ndigkeit und Aktualit\u00e4t der Inhalte k\u00f6nnen\nwir jedoch keine Gew\u00e4hr \u00fcbernehmen. Als Diensteanbieter sind wir\ngem\u00e4\u00df \u00a7 7 Abs.1 TMG f\u00fcr eigene Inhalte auf diesen Seiten nach den\nallgemeinen Gesetzen verantwortlich. Nach \u00a7\u00a7 8 bis 10 TMG sind wir\nals Diensteanbieter jedoch nicht verpflichtet, \u00fcbermittelte oder\ngespeicherte fremde Informationen zu \u00fcberwachen oder nach Umst\u00e4nden\nzu forschen, die auf eine rechtswidrige T\u00e4tigkeit hinweisen.\nVerpflichtungen zur Entfernung oder Sperrung der Nutzung von\nInformationen nach den allgemeinen Gesetzen bleiben hiervon\nunber\u00fchrt. Eine diesbez\u00fcgliche Haftung ist jedoch erst ab dem\nZeitpunkt der Kenntnis einer konkreten Rechtsverletzung m\u00f6glich. Bei\nBekanntwerden von entsprechenden Rechtsverletzungen werden wir diese\nInhalte umgehend entfernen.<br>\n<br>\n<strong>Haftung\nf\u00fcr Links<\/strong><br>\n<br>\nUnser\nAngebot enth\u00e4lt Links zu externen Webseiten Dritter, auf deren\nInhalte wir keinen Einfluss haben. Deshalb k\u00f6nnen wir f\u00fcr diese\nfremden Inhalte auch keine Gew\u00e4hr \u00fcbernehmen. F\u00fcr die Inhalte der\nverlinkten Seiten ist stets der jeweilige Anbieter oder Betreiber der\nSeiten verantwortlich. Die verlinkten Seiten wurden zum Zeitpunkt der\nVerlinkung auf m\u00f6gliche Rechtsverst\u00f6\u00dfe \u00fcberpr\u00fcft. Rechtswidrige\nInhalte waren zum Zeitpunkt der Verlinkung nicht erkennbar. Eine\npermanente inhaltliche Kontrolle der verlinkten Seiten ist jedoch\nohne konkrete Anhaltspunkte einer Rechtsverletzung nicht zumutbar.\nBei Bekanntwerden von Rechtsverletzungen werden wir derartige Links\numgehend entfernen.<br>\n<br>\n<strong>Urheberrecht<\/strong><br>\n<br>\nDie\ndurch die Seitenbetreiber erstellten Inhalte und Werke auf diesen\nSeiten unterliegen dem deutschen Urheberrecht. Die Vervielf\u00e4ltigung,\nBearbeitung, Verbreitung und jede Art der Verwertung au\u00dferhalb der\nGrenzen des Urheberrechtes bed\u00fcrfen der schriftlichen Zustimmung des\njeweiligen Autors bzw. Erstellers. Downloads und Kopien dieser Seite\nsind nur f\u00fcr den privaten, nicht kommerziellen Gebrauch gestattet.\nSoweit die Inhalte auf dieser Seite nicht vom Betreiber erstellt\nwurden, werden die Urheberrechte Dritter beachtet. Insbesondere\nwerden Inhalte Dritter als solche gekennzeichnet. Sollten Sie\ntrotzdem auf eine Urheberrechtsverletzung aufmerksam werden, bitten\nwir um einen entsprechenden Hinweis. Bei Bekanntwerden von\nRechtsverletzungen werden wir derartige Inhalte umgehend\nentfernen.<br>\n<br>\n<strong>Datenschutz<\/strong><br>\n<br>\nDie\nNutzung unserer Webseite ist in der Regel ohne Angabe\npersonenbezogener Daten m\u00f6glich. Soweit auf unseren Seiten\npersonenbezogene Daten (beispielsweise Name, Anschrift oder\neMail-Adressen) erhoben werden, erfolgt dies, soweit m\u00f6glich, stets\nauf freiwilliger Basis. Diese Daten werden ohne Ihre ausdr\u00fcckliche\nZustimmung nicht an Dritte weitergegeben.<br>\nWir weisen darauf hin,\ndass die Daten\u00fcbertragung im Internet (z.B. bei der Kommunikation\nper E-Mail) Sicherheitsl\u00fccken aufweisen kann. Ein l\u00fcckenloser\nSchutz der Daten vor dem Zugriff durch Dritte ist nicht m\u00f6glich.<br>\nDer\nNutzung von im Rahmen der Impressumspflicht ver\u00f6ffentlichten\nKontaktdaten durch Dritte zur \u00dcbersendung von nicht ausdr\u00fccklich\nangeforderter Werbung und Informationsmaterialien wird hiermit\nausdr\u00fccklich widersprochen. Die Betreiber der Seiten behalten sich\nausdr\u00fccklich rechtliche Schritte im Falle der unverlangten Zusendung\nvon Werbeinformationen, etwa durch Spam-Mails, vor.<br>\n<br>\n<br>\n<strong>Google\nAnalytics<\/strong><br>\n<br>\nDiese\nWebsite benutzt Google Analytics, einen Webanalysedienst der Google\nInc. (&#8220;Google&#8220;). Google Analytics verwendet sog. &#8220;Cookies&#8220;,\nTextdateien, die auf Ihrem Computer gespeichert werden und die eine\nAnalyse der Benutzung der Website durch Sie erm\u00f6glicht. Die durch\nden Cookie erzeugten Informationen \u00fcber Ihre Benutzung dieser\nWebsite (einschlie\u00dflich Ihrer IP-Adresse) wird an einen Server von\nGoogle in den USA \u00fcbertragen und dort gespeichert. Google wird diese\nInformationen benutzen, um Ihre Nutzung der Website auszuwerten, um\nReports \u00fcber die Websiteaktivit\u00e4ten f\u00fcr die Websitebetreiber\nzusammenzustellen und um weitere mit der Websitenutzung und der\nInternetnutzung verbundene Dienstleistungen zu erbringen. Auch wird\nGoogle diese Informationen gegebenenfalls an Dritte \u00fcbertragen,\nsofern dies gesetzlich vorgeschrieben oder soweit Dritte diese Daten\nim Auftrag von Google verarbeiten. Google wird in keinem Fall Ihre\nIP-Adresse mit anderen Daten der Google in Verbindung bringen. Sie\nk\u00f6nnen die Installation der Cookies durch eine entsprechende\nEinstellung Ihrer Browser Software verhindern; wir weisen Sie jedoch\ndarauf hin, dass Sie in diesem Fall gegebenenfalls nicht s\u00e4mtliche\nFunktionen dieser Website voll umf\u00e4nglich nutzen k\u00f6nnen. Durch die\nNutzung dieser Website erkl\u00e4ren Sie sich mit der Bearbeitung der\n\u00fcber Sie erhobenen Daten durch Google in der zuvor beschriebenen Art\nund Weise und zu dem zuvor benannten Zweck einverstanden.<br>\n<br>\n<strong>Google\nAdSense<\/strong><br>\n<br>\nDiese\nWebsite benutzt Google Adsense, einen Webanzeigendienst der Google\nInc., USA (&#8220;Google&#8220;). Google Adsense verwendet sog. &#8220;Cookies&#8220;\n(Textdateien), die auf Ihrem Computer gespeichert werden und die eine\nAnalyse der Benutzung der Website durch Sie erm\u00f6glicht. Google\nAdsense verwendet auch sog. &#8220;Web Beacons&#8220; (kleine unsichtbare\nGrafiken) zur Sammlung von Informationen. Durch die Verwendung des\nWeb Beacons k\u00f6nnen einfache Aktionen wie der Besucherverkehr auf der\nWebseite aufgezeichnet und gesammelt werden. Die durch den Cookie\nund\/oder Web Beacon erzeugten Informationen \u00fcber Ihre Benutzung\ndieser Website (einschlie\u00dflich Ihrer IP-Adresse) werden an einen\nServer von Google in den USA \u00fcbertragen und dort gespeichert. Google\nwird diese Informationen benutzen, um Ihre Nutzung der Website im\nHinblick auf die Anzeigen auszuwerten, um Reports \u00fcber die\nWebsiteaktivit\u00e4ten und Anzeigen f\u00fcr die Websitebetreiber\nzusammenzustellen und um weitere mit der Websitenutzung und der\nInternetnutzung verbundene Dienstleistungen zu erbringen. Auch wird\nGoogle diese Informationen gegebenenfalls an Dritte \u00fcbertragen,\nsofern dies gesetzlich vorgeschrieben oder soweit Dritte diese Daten\nim Auftrag von Google verarbeiten. Google wird in keinem Fall Ihre\nIP-Adresse mit anderen Daten der Google in Verbindung bringen. Das\nSpeichern von Cookies auf Ihrer Festplatte und die Anzeige von Web\nBeacons k\u00f6nnen Sie verhindern, indem Sie in Ihren\nBrowser-Einstellungen &#8220;keine Cookies akzeptieren&#8220; w\u00e4hlen (Im MS\nInternet-Explorer unter &#8220;Extras &gt; Internetoptionen &gt;\nDatenschutz &gt; Einstellung&#8220;; im Firefox unter &#8220;Extras &gt;\nEinstellungen &gt; Datenschutz &gt; Cookies&#8220;); wir weisen Sie jedoch\ndarauf hin, dass Sie in diesem Fall gegebenenfalls nicht s\u00e4mtliche\nFunktionen dieser Website voll umf\u00e4nglich nutzen k\u00f6nnen. Durch die\nNutzung dieser Website erkl\u00e4ren Sie sich mit der Bearbeitung der\n\u00fcber Sie erhobenen Daten durch Google in der zuvor beschriebenen Art\nund Weise und zu dem zuvor benannten Zweck einverstanden.<\/p>\n\n\n\n<p>Impressum\n\tvom&nbsp;<a href=\"https:\/\/www.impressum-generator.de\/\">Impressum\n\tGenerator<\/a>&nbsp;der&nbsp;<a href=\"https:\/\/www.kanzlei-hasselbach.de\/standorte\/bonn\/\">Kanzlei\n\tHasselbach, Bonn<\/a><\/p>\n\n\n\n\t<div class=\"dkpdf-button-container\" style=\"            text-align:right \">\n\n\t\t<a class=\"dkpdf-button\" href=\"\/index.php\/wp-json\/wp\/v2\/pages\/75?pdf=75\" target=\"_blank\"><span class=\"dkpdf-button-icon\"><i class=\"fa fa-file-pdf-o\"><\/i><\/span> Export PDF<\/a>\n\n\t<\/div>\n\n\n\n\n\n","protected":false},"excerpt":{"rendered":"<p>Angaben gem\u00e4\u00df \u00a7 5 TMG Martin Naewe Herrnbergstr. 58 91077 Neunkirchen am Brand Kontakt: Telefon: +49 1522-9229342 E-Mail:&nbsp;info@schmelzmanufaktur.de Haftungsausschluss: Haftung f\u00fcr Inhalte Die Inhalte unserer Seiten wurden mit gr\u00f6\u00dfter Sorgfalt erstellt. F\u00fcr die Richtigkeit, Vollst\u00e4ndigkeit und Aktualit\u00e4t der Inhalte k\u00f6nnen wir jedoch keine Gew\u00e4hr \u00fcbernehmen. Als Diensteanbieter sind wir gem\u00e4\u00df \u00a7 7 Abs.1 TMG f\u00fcr &hellip; <\/p>\n<p class=\"link-more\"><a href=\"https:\/\/schmelzmanufaktur.de\/index.php\/impressum\/\" class=\"more-link\"><span class=\"screen-reader-text\">\u201eImpressum\u201c <\/span>weiterlesen<\/a><\/p>\n","protected":false},"author":5,"featured_media":0,"parent":0,"menu_order":0,"comment_status":"closed","ping_status":"closed","template":"","meta":{"_bbp_topic_count":0,"_bbp_reply_count":0,"_bbp_total_topic_count":0,"_bbp_total_reply_count":0,"_bbp_voice_count":0,"_bbp_anonymous_reply_count":0,"_bbp_topic_count_hidden":0,"_bbp_reply_count_hidden":0,"_bbp_forum_subforum_count":0,"footnotes":""},"class_list":["post-75","page","type-page","status-publish","hentry"],"_links":{"self":[{"href":"https:\/\/schmelzmanufaktur.de\/index.php\/wp-json\/wp\/v2\/pages\/75","targetHints":{"allow":["GET"]}}],"collection":[{"href":"https:\/\/schmelzmanufaktur.de\/index.php\/wp-json\/wp\/v2\/pages"}],"about":[{"href":"https:\/\/schmelzmanufaktur.de\/index.php\/wp-json\/wp\/v2\/types\/page"}],"author":[{"embeddable":true,"href":"https:\/\/schmelzmanufaktur.de\/index.php\/wp-json\/wp\/v2\/users\/5"}],"replies":[{"embeddable":true,"href":"https:\/\/schmelzmanufaktur.de\/index.php\/wp-json\/wp\/v2\/comments?post=75"}],"version-history":[{"count":2,"href":"https:\/\/schmelzmanufaktur.de\/index.php\/wp-json\/wp\/v2\/pages\/75\/revisions"}],"predecessor-version":[{"id":86,"href":"https:\/\/schmelzmanufaktur.de\/index.php\/wp-json\/wp\/v2\/pages\/75\/revisions\/86"}],"wp:attachment":[{"href":"https:\/\/schmelzmanufaktur.de\/index.php\/wp-json\/wp\/v2\/media?parent=75"}],"curies":[{"name":"wp","href":"https:\/\/api.w.org\/{rel}","templated":true}]}}